{"id":61,"date":"2014-10-07T15:28:32","date_gmt":"2014-10-07T15:28:32","guid":{"rendered":"http:\/\/blackriverbrass.de\/Wordpress\/?page_id=61"},"modified":"2022-04-10T08:57:50","modified_gmt":"2022-04-10T08:57:50","slug":"blackriverbrass-stellt-sich-vor","status":"publish","type":"page","link":"https:\/\/blackriverbrass.de\/Wordpress\/blackriverbrass-stellt-sich-vor\/","title":{"rendered":"BRB stellt sich vor"},"content":{"rendered":"\t\t<div data-elementor-type=\"wp-page\" data-elementor-id=\"61\" class=\"elementor elementor-61\">\n\t\t\t\t\t\t<section class=\"elementor-section elementor-top-section elementor-element elementor-element-4e39e2cb elementor-section-boxed elementor-section-height-default elementor-section-height-default\" data-id=\"4e39e2cb\" data-element_type=\"section\" data-e-type=\"section\" data-settings=\"{&quot;background_background&quot;:&quot;classic&quot;}\">\n\t\t\t\t\t\t<div class=\"elementor-container elementor-column-gap-default\">\n\t\t\t\t\t<div class=\"elementor-column elementor-col-100 elementor-top-column elementor-element elementor-element-33c8504f\" data-id=\"33c8504f\" data-element_type=\"column\" data-e-type=\"column\">\n\t\t\t<div class=\"elementor-widget-wrap elementor-element-populated\">\n\t\t\t\t\t\t<div class=\"elementor-element elementor-element-f60e699 elementor-widget elementor-widget-spacer\" data-id=\"f60e699\" data-element_type=\"widget\" data-e-type=\"widget\" data-widget_type=\"spacer.default\">\n\t\t\t\t<div class=\"elementor-widget-container\">\n\t\t\t\t\t\t\t<div class=\"elementor-spacer\">\n\t\t\t<div class=\"elementor-spacer-inner\"><\/div>\n\t\t<\/div>\n\t\t\t\t\t\t<\/div>\n\t\t\t\t<\/div>\n\t\t\t\t<div class=\"elementor-element elementor-element-3a43a1f elementor-widget elementor-widget-heading\" data-id=\"3a43a1f\" data-element_type=\"widget\" data-e-type=\"widget\" data-widget_type=\"heading.default\">\n\t\t\t\t<div class=\"elementor-widget-container\">\n\t\t\t\t\t<h2 class=\"elementor-heading-title elementor-size-default\">\u00dcber BlackRiverBrass<\/h2>\t\t\t\t<\/div>\n\t\t\t\t<\/div>\n\t\t\t\t<div class=\"elementor-element elementor-element-fd894fa elementor-widget elementor-widget-spacer\" data-id=\"fd894fa\" data-element_type=\"widget\" data-e-type=\"widget\" data-widget_type=\"spacer.default\">\n\t\t\t\t<div class=\"elementor-widget-container\">\n\t\t\t\t\t\t\t<div class=\"elementor-spacer\">\n\t\t\t<div class=\"elementor-spacer-inner\"><\/div>\n\t\t<\/div>\n\t\t\t\t\t\t<\/div>\n\t\t\t\t<\/div>\n\t\t\t\t<div class=\"elementor-element elementor-element-4cdc9b90 elementor-widget elementor-widget-text-editor\" data-id=\"4cdc9b90\" data-element_type=\"widget\" data-e-type=\"widget\" data-widget_type=\"text-editor.default\">\n\t\t\t\t<div class=\"elementor-widget-container\">\n\t\t\t\t\t\t\t\t\t<p style=\"text-align: justify;\">Wir sind ein Zusammenschluss von Bl\u00e4sern aus den Orten Wendelstein, R\u00f6thenbach, Sperberslohe, Worzeldorf, Kornburg, Rednitzhembach und Schwabach mit Freude an klassischer Musik, modernen Liedern und swingenden Rhythmen.<\/p><p style=\"text-align: justify;\"><strong>Wie alles begann\u2026<\/strong><br \/>Der Gospelchor Rainbow Singers feierte im Oktober 2010 sein 15-j\u00e4hriges Jubil\u00e4um und suchte hierf\u00fcr musikalische Unterst\u00fctzung. Neben Solisten sollte es auch eine Blechblasgruppe sein, die mit Gospel und Swing f\u00fcr Abwechslung im Programm sorgt.<\/p><p style=\"text-align: justify;\">Mit Hans Deuerlein, Claude Felger und Harald Martin findet sich eine Gruppe\u00a0begeisterter Blechbl\u00e4ser aus den Posaunench\u00f6ren Wendelstein und R\u00f6thenbach, die die\u00a0musikalische Herausforderung annehmen. Es gelingt den Dreien, weitere Bl\u00e4ser f\u00fcr\u00a0dieses Vorhaben zu gewinnen. Zun\u00e4chst mit dem ausschlie\u00dflichen Ziel, das Konzert mit\u00a0dem Gospelchor gemeinsam zu gestalten. Doch hat es allen so viel Spa\u00df gemacht, dass\u00a0man beschloss, als Band weiterzubestehen und das Repertoire auszubauen.<\/p><p style=\"text-align: justify;\">BlackRiverBrass ist geboren! Mittlerweile ist BlackRiverBrass fest im musikalischen Spektrum von Wendelstein etabliert und gestaltet jedes Jahr mehrere Auftritte und Konzerte zu unterschiedlichsten Anl\u00e4ssen und Themen.<\/p><p style=\"text-align: justify;\">BlackRiverBrass ist seit 2012 eingetragener Verein und verfolgt &#8222;ausschlie\u00dflich und unmittelbar gemeinn\u00fctzige Zwecke&#8220;.<\/p><p style=\"text-align: justify;\">Die aktuell gew\u00e4hlten Vorst\u00e4nde sind Hans Deuerlein und Claude Felger.<\/p><p style=\"text-align: justify;\">Der Dirigentenstab schwingt seit Januar 2019 Philipp Wild.<\/p>\t\t\t\t\t\t\t\t<\/div>\n\t\t\t\t<\/div>\n\t\t\t\t\t<\/div>\n\t\t<\/div>\n\t\t\t\t\t<\/div>\n\t\t<\/section>\n\t\t\t\t<\/div>\n\t\t","protected":false},"excerpt":{"rendered":"<p>\u00dcber BlackRiverBrass Wir sind ein Zusammenschluss von Bl\u00e4sern aus den Orten Wendelstein, R\u00f6thenbach, Sperberslohe, Worzeldorf, Kornburg, Rednitzhembach und Schwabach mit Freude an klassischer Musik, modernen Liedern und swingenden Rhythmen. Wie alles begann\u2026Der Gospelchor Rainbow Singers feierte im Oktober 2010 sein 15-j\u00e4hriges Jubil\u00e4um und suchte hierf\u00fcr musikalische Unterst\u00fctzung. Neben Solisten sollte es auch eine Blechblasgruppe sein, [&hellip;]<\/p>\n","protected":false},"author":1,"featured_media":0,"parent":0,"menu_order":0,"comment_status":"closed","ping_status":"open","template":"","meta":{"site-sidebar-layout":"no-sidebar","site-content-layout":"plain-container","ast-site-content-layout":"default","site-content-style":"default","site-sidebar-style":"default","ast-global-header-display":"","ast-banner-title-visibility":"","ast-main-header-display":"","ast-hfb-above-header-display":"","ast-hfb-below-header-display":"","ast-hfb-mobile-header-display":"","site-post-title":"disabled","ast-breadcrumbs-content":"","ast-featured-img":"","footer-sml-layout":"","ast-disable-related-posts":"","theme-transparent-header-meta":"default","adv-header-id-meta":"","stick-header-meta":"default","header-above-stick-meta":"","header-main-stick-meta":"","header-below-stick-meta":"","astra-migrate-meta-layouts":"default","ast-page-background-enabled":"default","ast-page-background-meta":{"desktop":{"background-color":"","background-image":"","background-repeat":"repeat","background-position":"center center","background-size":"auto","background-attachment":"scroll","background-type":"","background-media":"","overlay-type":"","overlay-color":"","overlay-opacity":"","overlay-gradient":""},"tablet":{"background-color":"","background-image":"","background-repeat":"repeat","background-position":"center center","background-size":"auto","background-attachment":"scroll","background-type":"","background-media":"","overlay-type":"","overlay-color":"","overlay-opacity":"","overlay-gradient":""},"mobile":{"background-color":"","background-image":"","background-repeat":"repeat","background-position":"center center","background-size":"auto","background-attachment":"scroll","background-type":"","background-media":"","overlay-type":"","overlay-color":"","overlay-opacity":"","overlay-gradient":""}},"ast-content-background-meta":{"desktop":{"background-color":"var(--ast-global-color-5)","background-image":"","background-repeat":"repeat","background-position":"center center","background-size":"auto","background-attachment":"scroll","background-type":"","background-media":"","overlay-type":"","overlay-color":"","overlay-opacity":"","overlay-gradient":""},"tablet":{"background-color":"var(--ast-global-color-5)","background-image":"","background-repeat":"repeat","background-position":"center center","background-size":"auto","background-attachment":"scroll","background-type":"","background-media":"","overlay-type":"","overlay-color":"","overlay-opacity":"","overlay-gradient":""},"mobile":{"background-color":"var(--ast-global-color-5)","background-image":"","background-repeat":"repeat","background-position":"center center","background-size":"auto","background-attachment":"scroll","background-type":"","background-media":"","overlay-type":"","overlay-color":"","overlay-opacity":"","overlay-gradient":""}},"footnotes":""},"class_list":["post-61","page","type-page","status-publish","hentry"],"_links":{"self":[{"href":"https:\/\/blackriverbrass.de\/Wordpress\/wp-json\/wp\/v2\/pages\/61","targetHints":{"allow":["GET"]}}],"collection":[{"href":"https:\/\/blackriverbrass.de\/Wordpress\/wp-json\/wp\/v2\/pages"}],"about":[{"href":"https:\/\/blackriverbrass.de\/Wordpress\/wp-json\/wp\/v2\/types\/page"}],"author":[{"embeddable":true,"href":"https:\/\/blackriverbrass.de\/Wordpress\/wp-json\/wp\/v2\/users\/1"}],"replies":[{"embeddable":true,"href":"https:\/\/blackriverbrass.de\/Wordpress\/wp-json\/wp\/v2\/comments?post=61"}],"version-history":[{"count":28,"href":"https:\/\/blackriverbrass.de\/Wordpress\/wp-json\/wp\/v2\/pages\/61\/revisions"}],"predecessor-version":[{"id":1639,"href":"https:\/\/blackriverbrass.de\/Wordpress\/wp-json\/wp\/v2\/pages\/61\/revisions\/1639"}],"wp:attachment":[{"href":"https:\/\/blackriverbrass.de\/Wordpress\/wp-json\/wp\/v2\/media?parent=61"}],"curies":[{"name":"wp","href":"https:\/\/api.w.org\/{rel}","templated":true}]}}